{"id":9,"date":"2022-12-23T11:13:44","date_gmt":"2022-12-23T10:13:44","guid":{"rendered":"http:\/\/serwer2293703.home.pl\/bony_podarunkowe\/?page_id=9"},"modified":"2022-12-24T01:06:43","modified_gmt":"2022-12-24T00:06:43","slug":"refund_returns","status":"publish","type":"page","link":"https:\/\/bony.strzelnicatarget.com.pl\/index.php\/refund_returns\/","title":{"rendered":"Regulamin nabywania bon\u00f3w podarunkowych"},"content":{"rendered":"\n<p><\/p>\n\n\n\n<p><\/p>\n\n\n\n<p class=\"has-text-align-center\"><strong>\u00a71<\/strong><\/p>\n\n\n\n<p class=\"has-text-align-left\">Wystawc\u0105 \u201eBonu podarunkowego\u201d zwanego dalej \u201eBonem\u201d jest Target Strzelnica Sportowa<br>Sp. z o.o. NIP : 5272769964 z siedzib\u0105 w Suwa\u0142kach ul. Sportowa 44, zwan\u0105 dalej \u201eWystawc\u0105\u201d<\/p>\n\n\n\n<p class=\"has-text-align-center\"><strong>\u00a72<\/strong><\/p>\n\n\n\n<p class=\"has-text-align-left\">1. Bon upowa\u017cnia do nabycia us\u0142ug oferowanych przez Wystawc\u0119.<br>2. Bon nie jest \u015brodkiem p\u0142atniczym i nie podlega wymianie na got\u00f3wk\u0119.<br>3. Posiadacz bonu mo\u017ce \u0142\u0105czy\u0107 p\u0142atno\u015b\u0107 bonem lub bonami z p\u0142atno\u015bci\u0105 got\u00f3wk\u0105 lub kart\u0105&nbsp;p\u0142atnicz\u0105 w celu nabycia towar\u00f3w lub us\u0142ug o warto\u015bci wy\u017cszej ni\u017c nomina\u0142 Bonu.<br>4. W przypadku zakupu towar\u00f3w lub us\u0142ug o warto\u015bci ni\u017cszej ni\u017c warto\u015b\u0107 bonu, posiadaczowi&nbsp;Bonu nie przys\u0142uguje zwrot niewykorzystanej r\u00f3\u017cnicy.<br>5. Wa\u017cno\u015b\u0107 bonu wynosi 3 miesi\u0105ce od daty wystawienia i w \u017caden spos\u00f3b nie mo\u017ce zosta\u0107&nbsp;przed\u0142u\u017cona.<br>6. Utrata wa\u017cno\u015bci Bonu nie stanowi podstawy do wyst\u0105pienia jego posiadacza wobec Wystawcy&nbsp;z jakimikolwiek roszczeniami w tym zakresie.<br>7. Dow\u00f3d sprzeda\u017cy w postaci paragonu lub faktury zostanie wystawiony w momencie wykorzystania&nbsp;Bonu.<\/p>\n\n\n\n<p class=\"has-text-align-center\"><strong>\u00a73<\/strong><\/p>\n\n\n\n<p class=\"has-text-align-left\">1. Bon sprzedawany jest w siedzibie Wystawcy w wersji papierowego vouchera lub w wersji elektronicznej pod adresem strony internetowej:  https:\/\/https:\/\/bony.strzelnicatarget.com.pl\/.<br>2. Bon sprzedawany jest w postaci \u201cbonu imiennego\u201d i mo\u017ce by\u0107 wykorzystany przez&nbsp; osob\u0119 na kt\u00f3r\u0105 zosta\u0142 wystawiony. Na wyra\u017ane \u017cyczenie posiadacza, bon mo\u017ce zosta\u0107 wykorzystane dodatkowo przez jedn\u0105 osob\u0119 mu towarzysz\u0105c\u0105.<br>3. Dost\u0119pne warto\u015bci bon\u00f3w: 100 z\u0142, 150 z\u0142, 200 z\u0142, 250 z\u0142.<br>4. W celu realizacji Bon nale\u017cy przedstawi\u0107 w recepcji strzelnicy, podczas rejestracji, w formie elektronicznej lub wydruku.<br>5. Bon traci wa\u017cno\u015b\u0107 w momencie jego realizacji, i mo\u017ce by\u0107 wykorzystany tylko jednorazowo.<br>6. Bon nie podlega zwrotowi ani wymianie.<\/p>\n\n\n\n<p class=\"has-text-align-center\"><strong>\u00a7<\/strong>4<\/p>\n\n\n\n<p class=\"has-text-align-left\">Wystawca zastrzega sobie prawo odmowy \u015bwiadczenia us\u0142ug na podstawie Bon\u00f3w, kt\u00f3re s\u0105 nieczytelne, zniszczone lub niezgodne z baz\u0105 danych Wystawcy. W takim przypadku Bon zostanie uznany przez Wystawc\u0119 za niewa\u017cny, bez prawa posiadacza do otrzymania Bonu zast\u0119pczego.<\/p>\n\n\n\n<p class=\"has-text-align-left\"><strong>\u00a7<\/strong>5<\/p>\n\n\n\n<p class=\"has-text-align-left\">Zakup Bonu stanowi potwierdzenie, \u017ce kupuj\u0105cy akceptuje warunki zawarte w niniejszym Regulaminie.<\/p>\n\n\n\n<p class=\"has-text-align-center\"><strong>\u00a7<\/strong>6<\/p>\n\n\n\n<p class=\"has-text-align-left\">Korzystaj\u0105cy z us\u0142ug Target Strzelnica Sportowa sp. z o.o. na podstawie Bonu, zobowi\u0105zany jest do zapoznania si\u0119 i przestrzegania regulaminu strzelnicy<\/p>\n\n\n\n<p class=\"has-text-align-left\"><\/p>\n\n\n\n<p><\/p>\n\n\n\n<p class=\"has-text-align-left\">Regulamin obowi\u0105zuje od dnia 17.02.2021 r.<\/p>\n\n\n\n<p>Skontaktuj si\u0119 z nami {email} je\u017celi masz dodatkowe pytania dotycz\u0105ce bon\u00f3w podarunkowych.<\/p>\n\n\n\n<p><\/p>\n","protected":false},"excerpt":{"rendered":"<p>\u00a71 Wystawc\u0105 \u201eBonu podarunkowego\u201d zwanego dalej \u201eBonem\u201d jest Target Strzelnica SportowaSp. z o.o. NIP : 5272769964 z siedzib\u0105 w Suwa\u0142kach ul. Sportowa 44, zwan\u0105 dalej \u201eWystawc\u0105\u201d \u00a72 1. Bon upowa\u017cnia do nabycia us\u0142ug oferowanych przez Wystawc\u0119.2. Bon nie jest \u015brodkiem p\u0142atniczym i nie podlega wymianie na got\u00f3wk\u0119.3. Posiadacz bonu mo\u017ce \u0142\u0105czy\u0107 p\u0142atno\u015b\u0107 bonem lub bonami z p\u0142atno\u015bci\u0105 got\u00f3wk\u0105 lub kart\u0105&nbsp;p\u0142atnicz\u0105 w celu nabycia towar\u00f3w lub us\u0142ug o warto\u015bci wy\u017cszej ni\u017c&hellip;<\/p>\n","protected":false},"author":1,"featured_media":0,"parent":0,"menu_order":0,"comment_status":"closed","ping_status":"closed","template":"","meta":{"footnotes":""},"class_list":["post-9","page","type-page","status-publish","hentry"],"_links":{"self":[{"href":"https:\/\/bony.strzelnicatarget.com.pl\/index.php\/wp-json\/wp\/v2\/pages\/9","targetHints":{"allow":["GET"]}}],"collection":[{"href":"https:\/\/bony.strzelnicatarget.com.pl\/index.php\/wp-json\/wp\/v2\/pages"}],"about":[{"href":"https:\/\/bony.strzelnicatarget.com.pl\/index.php\/wp-json\/wp\/v2\/types\/page"}],"author":[{"embeddable":true,"href":"https:\/\/bony.strzelnicatarget.com.pl\/index.php\/wp-json\/wp\/v2\/users\/1"}],"replies":[{"embeddable":true,"href":"https:\/\/bony.strzelnicatarget.com.pl\/index.php\/wp-json\/wp\/v2\/comments?post=9"}],"version-history":[{"count":4,"href":"https:\/\/bony.strzelnicatarget.com.pl\/index.php\/wp-json\/wp\/v2\/pages\/9\/revisions"}],"predecessor-version":[{"id":163,"href":"https:\/\/bony.strzelnicatarget.com.pl\/index.php\/wp-json\/wp\/v2\/pages\/9\/revisions\/163"}],"wp:attachment":[{"href":"https:\/\/bony.strzelnicatarget.com.pl\/index.php\/wp-json\/wp\/v2\/media?parent=9"}],"curies":[{"name":"wp","href":"https:\/\/api.w.org\/{rel}","templated":true}]}}