{"id":41,"date":"2022-12-21T16:24:15","date_gmt":"2022-12-21T15:24:15","guid":{"rendered":"http:\/\/serwer2293703.home.pl\/bony_podarunkowe\/index.php\/product\/album\/"},"modified":"2026-01-25T13:25:31","modified_gmt":"2026-01-25T12:25:31","slug":"album","status":"publish","type":"product","link":"https:\/\/bony.strzelnicatarget.com.pl\/index.php\/product\/album\/","title":{"rendered":"Bon podarunkowy"},"content":{"rendered":"<p>Pami\u0119taj! w polu nazwa odbiorcy wpisz imi\u0119 i nazwisko osoby dla kt\u00f3rej przeznaczony jest bon \ud83d\ude42<\/p>\n","protected":false},"excerpt":{"rendered":"<p>Pami\u0119taj! w polu nazwa odbiorcy wpisz imi\u0119 i nazwisko osoby dla kt\u00f3rej przeznaczony jest bon \ud83d\ude42<\/p>\n","protected":false},"featured_media":49,"template":"","meta":[],"product_brand":[],"product_cat":[18],"product_tag":[],"class_list":{"0":"post-41","1":"product","2":"type-product","3":"status-publish","4":"has-post-thumbnail","6":"product_cat-wps_wgm_giftcard","8":"first","9":"instock","10":"downloadable","11":"virtual","12":"sold-individually","13":"purchasable","14":"product-type-simple"},"_links":{"self":[{"href":"https:\/\/bony.strzelnicatarget.com.pl\/index.php\/wp-json\/wp\/v2\/product\/41","targetHints":{"allow":["GET"]}}],"collection":[{"href":"https:\/\/bony.strzelnicatarget.com.pl\/index.php\/wp-json\/wp\/v2\/product"}],"about":[{"href":"https:\/\/bony.strzelnicatarget.com.pl\/index.php\/wp-json\/wp\/v2\/types\/product"}],"wp:featuredmedia":[{"embeddable":true,"href":"https:\/\/bony.strzelnicatarget.com.pl\/index.php\/wp-json\/wp\/v2\/media\/49"}],"wp:attachment":[{"href":"https:\/\/bony.strzelnicatarget.com.pl\/index.php\/wp-json\/wp\/v2\/media?parent=41"}],"wp:term":[{"taxonomy":"product_brand","embeddable":true,"href":"https:\/\/bony.strzelnicatarget.com.pl\/index.php\/wp-json\/wp\/v2\/product_brand?post=41"},{"taxonomy":"product_cat","embeddable":true,"href":"https:\/\/bony.strzelnicatarget.com.pl\/index.php\/wp-json\/wp\/v2\/product_cat?post=41"},{"taxonomy":"product_tag","embeddable":true,"href":"https:\/\/bony.strzelnicatarget.com.pl\/index.php\/wp-json\/wp\/v2\/product_tag?post=41"}],"curies":[{"name":"wp","href":"https:\/\/api.w.org\/{rel}","templated":true}]}}