{"id":43,"date":"2022-12-21T16:34:10","date_gmt":"2022-12-21T15:34:10","guid":{"rendered":"http:\/\/serwer2293703.home.pl\/bony_podarunkowe\/?post_type=product&#038;p=43"},"modified":"2026-01-25T13:24:25","modified_gmt":"2026-01-25T12:24:25","slug":"bon-podarunkowy-kopia-2","status":"publish","type":"product","link":"https:\/\/bony.strzelnicatarget.com.pl\/index.php\/product\/bon-podarunkowy-kopia-2\/","title":{"rendered":"Bon podarunkowy"},"content":{"rendered":"<p>Pami\u0119taj! w polu nazwa odbiorcy wpisz imi\u0119 i nazwisko osoby dla kt\u00f3rej przeznaczony jest bon \ud83d\ude42<\/p>\n","protected":false},"excerpt":{"rendered":"<p>Pami\u0119taj! w polu nazwa odbiorcy wpisz imi\u0119 i nazwisko osoby dla kt\u00f3rej przeznaczony jest bon \ud83d\ude42<\/p>\n","protected":false},"featured_media":49,"template":"","meta":[],"product_brand":[],"product_cat":[18],"product_tag":[],"class_list":{"0":"post-43","1":"product","2":"type-product","3":"status-publish","4":"has-post-thumbnail","6":"product_cat-wps_wgm_giftcard","8":"first","9":"instock","10":"downloadable","11":"virtual","12":"sold-individually","13":"purchasable","14":"product-type-simple"},"_links":{"self":[{"href":"https:\/\/bony.strzelnicatarget.com.pl\/index.php\/wp-json\/wp\/v2\/product\/43","targetHints":{"allow":["GET"]}}],"collection":[{"href":"https:\/\/bony.strzelnicatarget.com.pl\/index.php\/wp-json\/wp\/v2\/product"}],"about":[{"href":"https:\/\/bony.strzelnicatarget.com.pl\/index.php\/wp-json\/wp\/v2\/types\/product"}],"wp:featuredmedia":[{"embeddable":true,"href":"https:\/\/bony.strzelnicatarget.com.pl\/index.php\/wp-json\/wp\/v2\/media\/49"}],"wp:attachment":[{"href":"https:\/\/bony.strzelnicatarget.com.pl\/index.php\/wp-json\/wp\/v2\/media?parent=43"}],"wp:term":[{"taxonomy":"product_brand","embeddable":true,"href":"https:\/\/bony.strzelnicatarget.com.pl\/index.php\/wp-json\/wp\/v2\/product_brand?post=43"},{"taxonomy":"product_cat","embeddable":true,"href":"https:\/\/bony.strzelnicatarget.com.pl\/index.php\/wp-json\/wp\/v2\/product_cat?post=43"},{"taxonomy":"product_tag","embeddable":true,"href":"https:\/\/bony.strzelnicatarget.com.pl\/index.php\/wp-json\/wp\/v2\/product_tag?post=43"}],"curies":[{"name":"wp","href":"https:\/\/api.w.org\/{rel}","templated":true}]}}